{"id":120,"date":"2011-08-16T15:53:31","date_gmt":"2011-08-16T15:53:31","guid":{"rendered":"http:\/\/koerpertherapie-goettling.at\/?page_id=120"},"modified":"2011-08-16T16:12:42","modified_gmt":"2011-08-16T16:12:42","slug":"kinesio-taping","status":"publish","type":"page","link":"https:\/\/koerpertherapie-goettling.at\/?page_id=120","title":{"rendered":"Kinesio-Taping"},"content":{"rendered":"<p>Als alternatives Behandlungskonzept versucht die <strong>Kinesiologie<\/strong> (altgr. Bewegungslehre) die Spannungen in den Muskeln und deren R\u00fcckmeldung zu nutzen und zu korrigieren. Das spezielle <strong>Kinesio-Taping<\/strong> wird dabei als Muskel-, Band-, Korrektur- oder Lymphtaping erfolgreich seit \u00fcber 30 Jahren weltweit angewandt.\u00a0<\/p>\n<p><strong>Ziele und Wirkung:<\/strong><\/p>\n<ul>\n<li>Regulation der Muskelspannung<\/li>\n<li>Erhalt der Bewegungsfreiheit<\/li>\n<li>Aktivieren und unterst\u00fctzen der k\u00f6rpereigenen Heilungskr\u00e4fte<\/li>\n<li>Stabilisieren verletzter Strukturen<\/li>\n<\/ul>\n<p>\u00a0<strong>Einsatzm\u00f6glichkeiten:<\/strong><\/p>\n<ul>\n<li>Hals-, Brust-, Lendenwirbels\u00e4ulenprobleme<\/li>\n<li>Muskul\u00e4re Dysbalancen<\/li>\n<li>Lymphstauung<\/li>\n<li>Kopfschmerz, Migr\u00e4ne<\/li>\n<li>Kniegelenksprobleme<\/li>\n<\/ul>\n<p>M\u00f6gliche \u00dcberempfindlichkeitsreaktionen aufgrund des verwendeten \u201emilden\u201c Polyacrylat-Klebers oder Farbstoffen sind selten, jedoch m\u00f6glich.\u00a0Bei bekannter Allergie gegen den Polyacrylat-Kleber ist das Anlegen eines Tapes NICHT m\u00f6glich!<\/p>\n","protected":false},"excerpt":{"rendered":"<p>Als alternatives Behandlungskonzept versucht die Kinesiologie (altgr. Bewegungslehre) die Spannungen in den Muskeln und deren R\u00fcckmeldung zu nutzen und zu korrigieren. Das spezielle Kinesio-Taping wird dabei als Muskel-, Band-, Korrektur- oder Lymphtaping erfolgreich seit \u00fcber 30 Jahren weltweit angewandt.\u00a0 Ziele und Wirkung: Regulation der Muskelspannung Erhalt der Bewegungsfreiheit Aktivieren und unterst\u00fctzen der k\u00f6rpereigenen Heilungskr\u00e4fte Stabilisieren verletzter Strukturen \u00a0Einsatzm\u00f6glichkeiten: Hals-, Brust-, &hellip;<\/p>\n","protected":false},"author":1,"featured_media":0,"parent":0,"menu_order":0,"comment_status":"closed","ping_status":"open","template":"sidebar-page.php","meta":{"footnotes":""},"class_list":["post-120","page","type-page","status-publish","hentry"],"_links":{"self":[{"href":"https:\/\/koerpertherapie-goettling.at\/index.php?rest_route=\/wp\/v2\/pages\/120","targetHints":{"allow":["GET"]}}],"collection":[{"href":"https:\/\/koerpertherapie-goettling.at\/index.php?rest_route=\/wp\/v2\/pages"}],"about":[{"href":"https:\/\/koerpertherapie-goettling.at\/index.php?rest_route=\/wp\/v2\/types\/page"}],"author":[{"embeddable":true,"href":"https:\/\/koerpertherapie-goettling.at\/index.php?rest_route=\/wp\/v2\/users\/1"}],"replies":[{"embeddable":true,"href":"https:\/\/koerpertherapie-goettling.at\/index.php?rest_route=%2Fwp%2Fv2%2Fcomments&post=120"}],"version-history":[{"count":5,"href":"https:\/\/koerpertherapie-goettling.at\/index.php?rest_route=\/wp\/v2\/pages\/120\/revisions"}],"predecessor-version":[{"id":128,"href":"https:\/\/koerpertherapie-goettling.at\/index.php?rest_route=\/wp\/v2\/pages\/120\/revisions\/128"}],"wp:attachment":[{"href":"https:\/\/koerpertherapie-goettling.at\/index.php?rest_route=%2Fwp%2Fv2%2Fmedia&parent=120"}],"curies":[{"name":"wp","href":"https:\/\/api.w.org\/{rel}","templated":true}]}}