{"id":18,"date":"2011-07-24T18:18:06","date_gmt":"2011-07-24T18:18:06","guid":{"rendered":"http:\/\/koerpertherapie-goettling.at\/?page_id=18"},"modified":"2011-08-07T14:54:40","modified_gmt":"2011-08-07T14:54:40","slug":"unterseite","status":"publish","type":"page","link":"https:\/\/koerpertherapie-goettling.at\/?page_id=18","title":{"rendered":"Klassische &#038; Heilmassage"},"content":{"rendered":"<p>Unter <strong>&#8220;Klassischer Massage&#8221;<\/strong> versteht man die mechanische Beeinflussung der Haut und der darunter liegenden Strukturen (wie Bindegewebe und Muskulatur) mittels verschiedener Grifftechniken (dehnen, dr\u00fccken, kneten, streichen, ziehen). Der daraus resultierende Reiz entfaltet seine Wirkung von der behandelten Stelle des K\u00f6rpers aus \u00fcber den gesamten Organismus (die Muskulatur, Gef\u00e4\u00dfe, Nerven) und schlie\u00dft auch die Psyche mit ein.<\/p>\n<p>Die <strong>&#8220;Heilmassage&#8221;<\/strong> verordnet ihr behandelnder Arzt im Zuge einer konkreten Erkrankung. Sie muss vom entsprechenden Sozialversicherungstr\u00e4ger (z.B. einer Krankenkasse) genehmigt werden.\u00a0Der Einsatz einer Heilmassage dient immer der Begleitung und Unterst\u00fctzung ihrer Behandlung durch den Arzt. Sie kann und will eine medizinische Therapie niemals ersetzen, in Erg\u00e4nzung dazu jedoch vieles bewegen.<\/p>\n<p><strong>Wirkung<\/strong><\/p>\n<ul>\n<li>Entspannung der Muskulatur<\/li>\n<li>Entspannung von Haut und Bindegewebe<\/li>\n<li>Steigerung der Durchblutung durch Kreislaufanregung<\/li>\n<li>Anregung und Verbesserung des Zellstoffwechsels im Gewebe<\/li>\n<li>Verbesserter Gasaustausch in der Lunge<\/li>\n<li>L\u00f6sen von Verklebungen der Hautschichten und bei Narben<\/li>\n<li>Verbesserte Wundheilung<\/li>\n<li>Schmerzlinderung<\/li>\n<li>Einwirken auf innere Organe \u00fcber Reflexb\u00f6gen<\/li>\n<li>Beeinflussung des vegetativen Nervensystems<\/li>\n<li>Psychische Entspannung, Stressabbau<\/li>\n<li>St\u00e4rkt das Immunsystem<\/li>\n<\/ul>\n<p><strong>Einsatzm\u00f6glichkeiten<\/strong><\/p>\n<ul>\n<li>Verspannungen (z.B. Nacken, R\u00fccken, Arme, Beine)<\/li>\n<li>Gelenks- und Muskelschmerzen<\/li>\n<li>Schulterbeschwerden<\/li>\n<li>spezielle Wirbels\u00e4ulenbeschwerden, Ischialgie, Lumbalgie<\/li>\n<li>Arthrosen<\/li>\n<li>Bestimmte Kopfschmerzen<\/li>\n<li>Narbenprobleme<\/li>\n<li>Psychische Anspannung, Stress, Rastlosigkeit<\/li>\n<li>nach Sportverletzungen und Operationen<\/li>\n<\/ul>\n","protected":false},"excerpt":{"rendered":"<p>Unter &#8220;Klassischer Massage&#8221; versteht man die mechanische Beeinflussung der Haut und der darunter liegenden Strukturen (wie Bindegewebe und Muskulatur) mittels verschiedener Grifftechniken (dehnen, dr\u00fccken, kneten, streichen, ziehen). Der daraus resultierende Reiz entfaltet seine Wirkung von der behandelten Stelle des K\u00f6rpers aus \u00fcber den gesamten Organismus (die Muskulatur, Gef\u00e4\u00dfe, Nerven) und schlie\u00dft auch die Psyche mit ein. Die &#8220;Heilmassage&#8221; verordnet ihr &hellip;<\/p>\n","protected":false},"author":1,"featured_media":0,"parent":2,"menu_order":0,"comment_status":"closed","ping_status":"open","template":"sidebar-page.php","meta":{"footnotes":""},"class_list":["post-18","page","type-page","status-publish","hentry"],"_links":{"self":[{"href":"https:\/\/koerpertherapie-goettling.at\/index.php?rest_route=\/wp\/v2\/pages\/18","targetHints":{"allow":["GET"]}}],"collection":[{"href":"https:\/\/koerpertherapie-goettling.at\/index.php?rest_route=\/wp\/v2\/pages"}],"about":[{"href":"https:\/\/koerpertherapie-goettling.at\/index.php?rest_route=\/wp\/v2\/types\/page"}],"author":[{"embeddable":true,"href":"https:\/\/koerpertherapie-goettling.at\/index.php?rest_route=\/wp\/v2\/users\/1"}],"replies":[{"embeddable":true,"href":"https:\/\/koerpertherapie-goettling.at\/index.php?rest_route=%2Fwp%2Fv2%2Fcomments&post=18"}],"version-history":[{"count":16,"href":"https:\/\/koerpertherapie-goettling.at\/index.php?rest_route=\/wp\/v2\/pages\/18\/revisions"}],"predecessor-version":[{"id":80,"href":"https:\/\/koerpertherapie-goettling.at\/index.php?rest_route=\/wp\/v2\/pages\/18\/revisions\/80"}],"up":[{"embeddable":true,"href":"https:\/\/koerpertherapie-goettling.at\/index.php?rest_route=\/wp\/v2\/pages\/2"}],"wp:attachment":[{"href":"https:\/\/koerpertherapie-goettling.at\/index.php?rest_route=%2Fwp%2Fv2%2Fmedia&parent=18"}],"curies":[{"name":"wp","href":"https:\/\/api.w.org\/{rel}","templated":true}]}}