{"id":25,"date":"2011-07-30T14:00:13","date_gmt":"2011-07-30T14:00:13","guid":{"rendered":"http:\/\/koerpertherapie-goettling.at\/?page_id=25"},"modified":"2011-08-07T15:16:34","modified_gmt":"2011-08-07T15:16:34","slug":"manuelle-lymphdrainage","status":"publish","type":"page","link":"https:\/\/koerpertherapie-goettling.at\/?page_id=25","title":{"rendered":"Manuelle Lymphdrainage"},"content":{"rendered":"<p>Die <strong>Manuelle Lymphdrainage<\/strong> aktiviert mittels sanfter Grifftechniken das Lymphsystem, insbesondere der Abtransport und die Zirkulation der Lymphe werden angeregt. Durch diese \u201eaktive Verschiebung von Fl\u00fcssigkeit\u201c wird die Pumpleistung der Lymphangione gef\u00f6rdert und es kommt zur \u201eEntstauung\u201c und damit verbunden zur R\u00fcckbildung von \u00d6demen (Fl\u00fcssigkeitsansammlungen) und Schwellungsreduktion, zur Schmerzlinderung, zu allgemeiner Entspannung und einem rascheren Heilungsvorgang.<\/p>\n<p>Nicht nur bei Bestehen einer besonders ausgepr\u00e4gten Erkrankungen des Lymphsystems (\u00d6deme\/Stauungen) kann diese Therapie zur Unterst\u00fctzung mit Kompressionsverb\u00e4nden (-str\u00fcmpfen) und spezieller Bewegungstherapie kombiniert werden.<\/p>\n<p><strong>Wirkung<\/strong><\/p>\n<ul>\n<li>Verbessert die Motorik der Lymphbahnen<\/li>\n<li>Abschwellung und Entstauung der betroffenen Gebiete<\/li>\n<li>Ausleitung (Abtransport von entz\u00fcndungsausl\u00f6senden \u00dcbertr\u00e4gerstoffen)<\/li>\n<li>Schmerzlindernde Wirkung<\/li>\n<li>Entspannung der Muskulatur und positiver Einfluss auf die Herzt\u00e4tigkeit<\/li>\n<li>Aktivierung und St\u00e4rkung des Immunsystem<\/li>\n<\/ul>\n<p><strong>Einsatzm\u00f6glichkeiten<\/strong><\/p>\n<ul>\n<li>\u00d6deme der Extremit\u00e4ten (Arme und Beine)<\/li>\n<li>Schwellungen nach orthop\u00e4dischen\/kosmetischen Operationen (Gesicht, Brust, Bauch, etc\u2026)<\/li>\n<li>Schwellungen im Gesicht, insbesondere der Augenlider<\/li>\n<li>Nach Operationen (Tumore, Schilddr\u00fcse, Stimmb\u00e4nder, etc\u2026)<\/li>\n<li>\u00d6deme nach Sportverletzungen<\/li>\n<li>Bei H\u00e4matomen (\u201eblaue Flecke\u201c)<\/li>\n<li>Kopfschmerzen und Migr\u00e4ne<\/li>\n<li>Chronischer Nasen-Nebenh\u00f6hlen-Erkrankung<\/li>\n<li>Bei Verdauungsst\u00f6rungen (Verstopfung) und zur Begleitung bei Fastenkuren<\/li>\n<li>Stress, Schlaflosigkeit, Unruhe<\/li>\n<\/ul>\n","protected":false},"excerpt":{"rendered":"<p>Die Manuelle Lymphdrainage aktiviert mittels sanfter Grifftechniken das Lymphsystem, insbesondere der Abtransport und die Zirkulation der Lymphe werden angeregt. Durch diese \u201eaktive Verschiebung von Fl\u00fcssigkeit\u201c wird die Pumpleistung der Lymphangione gef\u00f6rdert und es kommt zur \u201eEntstauung\u201c und damit verbunden zur R\u00fcckbildung von \u00d6demen (Fl\u00fcssigkeitsansammlungen) und Schwellungsreduktion, zur Schmerzlinderung, zu allgemeiner Entspannung und einem rascheren Heilungsvorgang. Nicht nur bei Bestehen einer &hellip;<\/p>\n","protected":false},"author":1,"featured_media":0,"parent":2,"menu_order":0,"comment_status":"closed","ping_status":"open","template":"sidebar-page.php","meta":{"footnotes":""},"class_list":["post-25","page","type-page","status-publish","hentry"],"_links":{"self":[{"href":"https:\/\/koerpertherapie-goettling.at\/index.php?rest_route=\/wp\/v2\/pages\/25","targetHints":{"allow":["GET"]}}],"collection":[{"href":"https:\/\/koerpertherapie-goettling.at\/index.php?rest_route=\/wp\/v2\/pages"}],"about":[{"href":"https:\/\/koerpertherapie-goettling.at\/index.php?rest_route=\/wp\/v2\/types\/page"}],"author":[{"embeddable":true,"href":"https:\/\/koerpertherapie-goettling.at\/index.php?rest_route=\/wp\/v2\/users\/1"}],"replies":[{"embeddable":true,"href":"https:\/\/koerpertherapie-goettling.at\/index.php?rest_route=%2Fwp%2Fv2%2Fcomments&post=25"}],"version-history":[{"count":5,"href":"https:\/\/koerpertherapie-goettling.at\/index.php?rest_route=\/wp\/v2\/pages\/25\/revisions"}],"predecessor-version":[{"id":88,"href":"https:\/\/koerpertherapie-goettling.at\/index.php?rest_route=\/wp\/v2\/pages\/25\/revisions\/88"}],"up":[{"embeddable":true,"href":"https:\/\/koerpertherapie-goettling.at\/index.php?rest_route=\/wp\/v2\/pages\/2"}],"wp:attachment":[{"href":"https:\/\/koerpertherapie-goettling.at\/index.php?rest_route=%2Fwp%2Fv2%2Fmedia&parent=25"}],"curies":[{"name":"wp","href":"https:\/\/api.w.org\/{rel}","templated":true}]}}