{"id":30,"date":"2011-07-30T14:01:18","date_gmt":"2011-07-30T14:01:18","guid":{"rendered":"http:\/\/koerpertherapie-goettling.at\/?page_id=30"},"modified":"2011-08-07T15:20:55","modified_gmt":"2011-08-07T15:20:55","slug":"fussreflexzonenmassage","status":"publish","type":"page","link":"https:\/\/koerpertherapie-goettling.at\/?page_id=30","title":{"rendered":"Fussreflexzonenmassage"},"content":{"rendered":"<p>Ausgehend vom \u201eSpiegelbild\u201c des menschlichen K\u00f6rpers in den F\u00fcssen entwickelte sich die <strong>Fussreflexzonenmassage<\/strong> zu einer zeitgem\u00e4\u00dfen manuellen Therapieform. Als wesentlicher Teil der Alternativ- bzw. Komplement\u00e4rmedizin zielt diese Behandlungstechnik auf die reflektorische Aktivierung der Selbstheilungskr\u00e4fte des Menschen ab.<\/p>\n<p>\u00dcber direkt am Fu\u00df gesetzte Reize wird sowohl auf die Beschwerden als Symptom, wie auch auf m\u00f6gliche im Hintergrund stehende Ausl\u00f6sefaktoren einer Erkrankung eingewirkt. Somit ist auch hier wieder der Mensch als \u201eganzheitliches Wesen\u201c im Mittelpunkt.<\/p>\n<p><strong>Wirkung<\/strong><\/p>\n<ul>\n<li>Schmerzlinderung<\/li>\n<li>aktiviert das Immunsystem<\/li>\n<li>Stressabbau, \u201eBeruhigung\u201c<\/li>\n<\/ul>\n<p><strong>Einsatzm\u00f6glichkeiten<\/strong><\/p>\n<ul>\n<li>statisch-muskul\u00e4re Belastungen (Haltungssch\u00e4den, Verspannungen\u2026)<\/li>\n<li>Verdauungsbeschwerden<\/li>\n<li>chronische Atemwegserkrankungen<\/li>\n<li>Beschwerden der harnableitenden Organe, Menstruationsbeschwerden<\/li>\n<li>Stress und emotionale \u00dcberforderung<\/li>\n<li>Kopfschmerz<\/li>\n<\/ul>\n","protected":false},"excerpt":{"rendered":"<p>Ausgehend vom \u201eSpiegelbild\u201c des menschlichen K\u00f6rpers in den F\u00fcssen entwickelte sich die Fussreflexzonenmassage zu einer zeitgem\u00e4\u00dfen manuellen Therapieform. Als wesentlicher Teil der Alternativ- bzw. Komplement\u00e4rmedizin zielt diese Behandlungstechnik auf die reflektorische Aktivierung der Selbstheilungskr\u00e4fte des Menschen ab. \u00dcber direkt am Fu\u00df gesetzte Reize wird sowohl auf die Beschwerden als Symptom, wie auch auf m\u00f6gliche im Hintergrund stehende Ausl\u00f6sefaktoren einer Erkrankung &hellip;<\/p>\n","protected":false},"author":1,"featured_media":0,"parent":2,"menu_order":0,"comment_status":"closed","ping_status":"open","template":"sidebar-page.php","meta":{"footnotes":""},"class_list":["post-30","page","type-page","status-publish","hentry"],"_links":{"self":[{"href":"https:\/\/koerpertherapie-goettling.at\/index.php?rest_route=\/wp\/v2\/pages\/30","targetHints":{"allow":["GET"]}}],"collection":[{"href":"https:\/\/koerpertherapie-goettling.at\/index.php?rest_route=\/wp\/v2\/pages"}],"about":[{"href":"https:\/\/koerpertherapie-goettling.at\/index.php?rest_route=\/wp\/v2\/types\/page"}],"author":[{"embeddable":true,"href":"https:\/\/koerpertherapie-goettling.at\/index.php?rest_route=\/wp\/v2\/users\/1"}],"replies":[{"embeddable":true,"href":"https:\/\/koerpertherapie-goettling.at\/index.php?rest_route=%2Fwp%2Fv2%2Fcomments&post=30"}],"version-history":[{"count":4,"href":"https:\/\/koerpertherapie-goettling.at\/index.php?rest_route=\/wp\/v2\/pages\/30\/revisions"}],"predecessor-version":[{"id":92,"href":"https:\/\/koerpertherapie-goettling.at\/index.php?rest_route=\/wp\/v2\/pages\/30\/revisions\/92"}],"up":[{"embeddable":true,"href":"https:\/\/koerpertherapie-goettling.at\/index.php?rest_route=\/wp\/v2\/pages\/2"}],"wp:attachment":[{"href":"https:\/\/koerpertherapie-goettling.at\/index.php?rest_route=%2Fwp%2Fv2%2Fmedia&parent=30"}],"curies":[{"name":"wp","href":"https:\/\/api.w.org\/{rel}","templated":true}]}}