{"id":36,"date":"2011-07-30T14:01:59","date_gmt":"2011-07-30T14:01:59","guid":{"rendered":"http:\/\/koerpertherapie-goettling.at\/?page_id=36"},"modified":"2018-05-27T13:34:37","modified_gmt":"2018-05-27T13:34:37","slug":"bindegewebsmassage","status":"publish","type":"page","link":"https:\/\/koerpertherapie-goettling.at\/?page_id=36","title":{"rendered":"Bindegewebsmassage\/ Faszientherapie"},"content":{"rendered":"<p>Die <strong>Bindegewebsmassage\/Faszientherapie<\/strong> stellt eine manuelle Reiztherapie des subkutanen Bindegewebes dar. Entscheidend ist die damit verbundene reflektorische Wirkung auf das dem entsprechenden R\u00fcckenmarksnerv zugeordnete Gewebe, den Muskeln, Knochen und Organen.<\/p>\n<p><strong>Wirkung:<\/strong><\/p>\n<ul>\n<li>Allgemeiner Spannungsausgleich im subkutanen Bindegewebe<\/li>\n<li>Normalisierung und Aktivieren von Organfunktionen<\/li>\n<\/ul>\n<p><strong>Einsatzm\u00f6glichkeiten:<\/strong><\/p>\n<ul>\n<li>Degenerative und chronisch-rheumatische Erkrankungen<\/li>\n<li>Versteifungen und Bewegungsst\u00f6rungen<\/li>\n<li>Kopfschmerzen und Migr\u00e4ne<\/li>\n<li>Neurologische St\u00f6rungen (Sensibilit\u00e4tsst\u00f6rungen, Neuralgien\u2026)<\/li>\n<li>Verspannungen in den Muskeln<\/li>\n<li>Schlafst\u00f6rungen, allgemeine \u00dcberlastung (Stress)<\/li>\n<li>Menstruationsbeschwerden<\/li>\n<li>Durchblutungsst\u00f6rungen<\/li>\n<li>Narbenbehandlung und -entst\u00f6rung<\/li>\n<\/ul>\n","protected":false},"excerpt":{"rendered":"<p>Die Bindegewebsmassage\/Faszientherapie stellt eine manuelle Reiztherapie des subkutanen Bindegewebes dar. Entscheidend ist die damit verbundene reflektorische Wirkung auf das dem entsprechenden R\u00fcckenmarksnerv zugeordnete Gewebe, den Muskeln, Knochen und Organen. Wirkung: Allgemeiner Spannungsausgleich im subkutanen Bindegewebe Normalisierung und Aktivieren von Organfunktionen Einsatzm\u00f6glichkeiten: Degenerative und chronisch-rheumatische Erkrankungen Versteifungen und Bewegungsst\u00f6rungen Kopfschmerzen und Migr\u00e4ne Neurologische St\u00f6rungen (Sensibilit\u00e4tsst\u00f6rungen, Neuralgien\u2026) Verspannungen in den Muskeln Schlafst\u00f6rungen, &hellip;<\/p>\n","protected":false},"author":1,"featured_media":0,"parent":2,"menu_order":0,"comment_status":"closed","ping_status":"open","template":"sidebar-page.php","meta":{"footnotes":""},"class_list":["post-36","page","type-page","status-publish","hentry"],"_links":{"self":[{"href":"https:\/\/koerpertherapie-goettling.at\/index.php?rest_route=\/wp\/v2\/pages\/36","targetHints":{"allow":["GET"]}}],"collection":[{"href":"https:\/\/koerpertherapie-goettling.at\/index.php?rest_route=\/wp\/v2\/pages"}],"about":[{"href":"https:\/\/koerpertherapie-goettling.at\/index.php?rest_route=\/wp\/v2\/types\/page"}],"author":[{"embeddable":true,"href":"https:\/\/koerpertherapie-goettling.at\/index.php?rest_route=\/wp\/v2\/users\/1"}],"replies":[{"embeddable":true,"href":"https:\/\/koerpertherapie-goettling.at\/index.php?rest_route=%2Fwp%2Fv2%2Fcomments&post=36"}],"version-history":[{"count":7,"href":"https:\/\/koerpertherapie-goettling.at\/index.php?rest_route=\/wp\/v2\/pages\/36\/revisions"}],"predecessor-version":[{"id":274,"href":"https:\/\/koerpertherapie-goettling.at\/index.php?rest_route=\/wp\/v2\/pages\/36\/revisions\/274"}],"up":[{"embeddable":true,"href":"https:\/\/koerpertherapie-goettling.at\/index.php?rest_route=\/wp\/v2\/pages\/2"}],"wp:attachment":[{"href":"https:\/\/koerpertherapie-goettling.at\/index.php?rest_route=%2Fwp%2Fv2%2Fmedia&parent=36"}],"curies":[{"name":"wp","href":"https:\/\/api.w.org\/{rel}","templated":true}]}}