{"id":9,"date":"2011-07-24T18:12:21","date_gmt":"2011-07-24T18:12:21","guid":{"rendered":"http:\/\/koerpertherapie-goettling.at\/?page_id=9"},"modified":"2011-08-16T16:50:07","modified_gmt":"2011-08-16T16:50:07","slug":"links","status":"publish","type":"page","link":"https:\/\/koerpertherapie-goettling.at\/?page_id=9","title":{"rendered":"Links"},"content":{"rendered":"<p><strong>Kontaktstellen f\u00fcr eventuelle R\u00fcckverg\u00fctung:<\/strong><\/p>\n<p>F\u00fcr \u00e4rztlich verordnete Massagebehandlungen\/Heilmassagen besteht die M\u00f6glichkeit einer teilweisen R\u00fcckverg\u00fctung \u00fcber die Sozialversicherungstr\u00e4ger (Krankenkassen) oder Privatversicherungen. Erkundigen Sie sich direkt bei Ihrer zust\u00e4ndigen Krankenkasse oder Privatversicherung.<\/p>\n<h4><strong>N\u00d6GKK<\/strong><\/h4>\n<p>Kremser Landstra\u00dfe 3, 3100 St. P\u00f6lten<br \/>Tel.: 05 08 99 6100<br \/>E-Mail: <span style=\"color: #0000ff;\"><span style=\"text-decoration: underline;\"><a href=\"mailto:info@noegkk.at\">info@noegkk.at<\/a><\/span><\/span><\/p>\n<p>Servicestelle M\u00f6dling<br \/>Josef-Schleussner-Stra\u00dfe 4, 2340 M\u00f6dling<br \/>Tel.: 05 08 99 6100<br \/>E-Mail: <span style=\"color: #0000ff;\"><span style=\"text-decoration: underline;\"><a href=\"mailto:moedling@noegkk.at\">moedling@noegkk.at<\/a><\/span><\/span><\/p>\n<h4><strong>WGKK<\/strong><\/h4>\n<p>Wienerbergstra\u00dfe 15-19, 1100 Wien<br \/>Tel.: 01-601 22-0<br \/>E-Mail: <span style=\"color: #0000ff;\"><span style=\"text-decoration: underline;\"><a href=\"mailto:office@wgkk.at\">office@wgkk.at<\/a><\/span><\/span><\/p>\n<h4><strong>BGKK<\/strong><\/h4>\n<p>Esterhazyplatz 3, 7000 Eisenstadt<br \/>Tel.: 02682-608-0<br \/>E-Mail: <span style=\"color: #0000ff;\"><span style=\"text-decoration: underline;\"><a href=\"mailto:bgkk@bgkk.at\">bgkk@bgkk.at<\/a><\/span><\/span><\/p>\n<h4><strong>SVA Hauptstelle<\/strong><\/h4>\n<p>Wiedner Hauptstra\u00dfe 84-86, 1051 Wien<br \/>Tel.: 01-546 54-0<br \/>E-Mail: <span style=\"color: #0000ff;\"><span style=\"text-decoration: underline;\"><a href=\"mailto:beitragswesen@svagw.at\" target=\"_blank\">beitragswesen@svagw.at<\/a><\/span><\/span><\/p>\n<p>Servicestelle Baden<br \/>Trostgasse 23, 2500 Baden<br \/>Tel.: 05 08 08-2761<br \/>E-Mail: <span style=\"color: #0000ff;\"><span style=\"text-decoration: underline;\"><a href=\"mailto:service.baden@svagw.at\">service.baden@svagw.at<\/a><\/span><\/span><\/p>\n<h4><strong>BVA N\u00d6, Wien + Burgenland<\/strong><\/h4>\n<p>Josefst\u00e4dter Stra\u00dfe 80, 1080 Wien<br \/>Tel.: 05 04 05-0<br \/>E-Mail: <span style=\"color: #0000ff;\"><span style=\"text-decoration: underline;\"><a href=\"mailto:wien.bb@bva.at\">wien.bb@bva.at<\/a><\/span><\/span><\/p>\n<h4><strong>VAEB<\/strong><\/h4>\n<p>Linke Wienzeile 48 \u2013 52, 1060 Wien<br \/>Tel.: 050-2350-36555<br \/>E-Mail: <span style=\"color: #0000ff;\"><span style=\"text-decoration: underline;\"><a href=\"mailto:bgz.wien@vaeb.at\">gbz.wien@vaeb.at<\/a><\/span><\/span><\/p>\n","protected":false},"excerpt":{"rendered":"<p>Kontaktstellen f\u00fcr eventuelle R\u00fcckverg\u00fctung: F\u00fcr \u00e4rztlich verordnete Massagebehandlungen\/Heilmassagen besteht die M\u00f6glichkeit einer teilweisen R\u00fcckverg\u00fctung \u00fcber die Sozialversicherungstr\u00e4ger (Krankenkassen) oder Privatversicherungen. Erkundigen Sie sich direkt bei Ihrer zust\u00e4ndigen Krankenkasse oder Privatversicherung. N\u00d6GKK Kremser Landstra\u00dfe 3, 3100 St. P\u00f6ltenTel.: 05 08 99 6100E-Mail: info@noegkk.at Servicestelle M\u00f6dlingJosef-Schleussner-Stra\u00dfe 4, 2340 M\u00f6dlingTel.: 05 08 99 6100E-Mail: moedling@noegkk.at WGKK Wienerbergstra\u00dfe 15-19, 1100 WienTel.: 01-601 22-0E-Mail: office@wgkk.at &hellip;<\/p>\n","protected":false},"author":1,"featured_media":0,"parent":0,"menu_order":0,"comment_status":"closed","ping_status":"open","template":"sidebar-page.php","meta":{"footnotes":""},"class_list":["post-9","page","type-page","status-publish","hentry"],"_links":{"self":[{"href":"https:\/\/koerpertherapie-goettling.at\/index.php?rest_route=\/wp\/v2\/pages\/9","targetHints":{"allow":["GET"]}}],"collection":[{"href":"https:\/\/koerpertherapie-goettling.at\/index.php?rest_route=\/wp\/v2\/pages"}],"about":[{"href":"https:\/\/koerpertherapie-goettling.at\/index.php?rest_route=\/wp\/v2\/types\/page"}],"author":[{"embeddable":true,"href":"https:\/\/koerpertherapie-goettling.at\/index.php?rest_route=\/wp\/v2\/users\/1"}],"replies":[{"embeddable":true,"href":"https:\/\/koerpertherapie-goettling.at\/index.php?rest_route=%2Fwp%2Fv2%2Fcomments&post=9"}],"version-history":[{"count":3,"href":"https:\/\/koerpertherapie-goettling.at\/index.php?rest_route=\/wp\/v2\/pages\/9\/revisions"}],"predecessor-version":[{"id":141,"href":"https:\/\/koerpertherapie-goettling.at\/index.php?rest_route=\/wp\/v2\/pages\/9\/revisions\/141"}],"wp:attachment":[{"href":"https:\/\/koerpertherapie-goettling.at\/index.php?rest_route=%2Fwp%2Fv2%2Fmedia&parent=9"}],"curies":[{"name":"wp","href":"https:\/\/api.w.org\/{rel}","templated":true}]}}